{"id":62,"date":"2022-07-01T17:28:24","date_gmt":"2022-07-01T15:28:24","guid":{"rendered":"https:\/\/bricks.devsrvr.de\/?page_id=62"},"modified":"2025-07-21T08:39:05","modified_gmt":"2025-07-21T06:39:05","slug":"imprint","status":"publish","type":"page","link":"https:\/\/www.autohaus-model.de\/en\/impressum","title":{"rendered":"Imprint"},"content":{"rendered":"<h2 class=\"wp-block-heading\">Information according to \u00a7 5 DDG<\/h2>\n\n\n\n<p>Autohaus Otto Model GmbH &amp; Co. KG<br>Brettheimer Str. 18<br>D-74572 Blaufelden<\/p>\n\n\n\n<p>Phone: +49 (0)7953-98980<br>Fax: +49 (0)7953-989898<br>E-mail: info@autohaus-model.de<br>Web: www.autohaus-model.de<\/p>\n\n\n\n<p>Commercial register: Ulm<br>Commercial Register No. HRA 690461<br>Sales tax identification number according to \u00a7 27a sales tax law: DE250062517<br><br>Managing directors with sole power of representation: Bernd Model, Philipp Model<\/p>\n\n\n\n<p><strong>Personally liable partner:<br><\/strong>Model Verwaltungs GmbH<br>Brettheimer Str. 18<br>D-74572 Blaufelden<\/p>\n\n\n\n<p>Commercial register: Ulm<br>Commercial Register No. HRB 690601<\/p>\n\n\n\n<p>Managing directors with sole power of representation: Bernd Model, Philipp Model<\/p>\n\n\n\n<p>Insurance intermediary register Registration no.: D-1FRI-PZLXC-18 (www.vermittlerregister.info) Permission according to \u00a7 34 d para. 1 GewO, granted by the IHK Heilbronn-Franken, Ferdinand-Braun-Str. 20, 74074 Heilbronn<\/p>\n\n\n\n<h2 class=\"wp-block-heading\">Consumer dispute resolution\/universal arbitration board<\/h2>\n\n\n\n<p>We are not willing or obliged to participate in dispute resolution proceedings before a consumer arbitration board.<\/p>\n\n\n\n<h2 class=\"wp-block-heading\">Duty to inform according to \u00a7 36 VSBG:<\/h2>\n\n\n\n<p>Autohaus Otto Model GmbH &amp; Co. KG will not participate in a dispute settlement procedure before a consumer arbitration board within the meaning of the VSBG and is not obliged to do so.<\/p>\n\n\n\n<h2 class=\"wp-block-heading\">Liability notice: <\/h2>\n\n\n\n<p>Despite careful control of the content, we assume no liability for the content of external links. The operators of the linked pages are solely responsible for their content.<\/p>\n\n\n\n<h2 class=\"wp-block-heading\">Picture credits: <\/h2>\n\n\n\n<p>The copyright for the images used in the vehicle offers, among others, is held by Autohaus Otto Model GmbH &amp; Co. KG.<\/p>","protected":false},"excerpt":{"rendered":"<p>Angaben gem\u00e4\u00df \u00a7 5 DDG Autohaus Otto Model GmbH &amp; Co. KGBrettheimer Str. 18D-74572 Blaufelden Telefon: +49 (0)7953-98980Fax: +49 (0)7953-989898E-Mail: info@autohaus-model.deWeb: www.autohaus-model.de Handelsregister: UlmHandelsregister-Nr. HRA 690461Umsatzsteuer-Identifikationsnummer nach \u00a7 27a Umsatzsteuergesetz: DE250062517 Einzelvertretungsberechtigte Gesch\u00e4ftsf\u00fchrer: Bernd Model, Philipp Model Pers\u00f6nlich haftende Gesellschafterin:Model Verwaltungs GmbHBrettheimer Str. 18D-74572 Blaufelden Handelsregister: UlmHandelsregister-Nr. HRB 690601 Einzelvertretungsberechtigte Gesch\u00e4ftsf\u00fchrer: Bernd Model, Philipp Model [&hellip;]<\/p>\n","protected":false},"author":1,"featured_media":1320,"parent":0,"menu_order":0,"comment_status":"closed","ping_status":"closed","template":"","meta":{"_acf_changed":false,"_seopress_robots_primary_cat":"","_seopress_titles_title":"","_seopress_titles_desc":"","_seopress_robots_index":"","footnotes":""},"seitenparameter":[6,9],"class_list":["post-62","page","type-page","status-publish","has-post-thumbnail","hentry","seitenparameter-gutenberg","seitenparameter-legal-page"],"acf":[],"yoast_head":"<!-- This site is optimized with the Yoast SEO plugin v27.4 - https:\/\/yoast.com\/product\/yoast-seo-wordpress\/ -->\n<title>Impressum - Autohaus Otto Model GmbH &amp; Co. KG<\/title>\n<meta name=\"robots\" content=\"index, follow, max-snippet:-1, max-image-preview:large, max-video-preview:-1\" \/>\n<link rel=\"canonical\" href=\"https:\/\/www.autohaus-model.de\/en\/imprint\/\" \/>\n<meta property=\"og:locale\" content=\"en_US\" \/>\n<meta property=\"og:type\" content=\"article\" \/>\n<meta property=\"og:title\" content=\"Impressum - Autohaus Otto Model GmbH &amp; Co. KG\" \/>\n<meta property=\"og:description\" content=\"Angaben gem\u00e4\u00df \u00a7 5 DDG Autohaus Otto Model GmbH &amp; Co. KGBrettheimer Str. 18D-74572 Blaufelden Telefon: +49 (0)7953-98980Fax: +49 (0)7953-989898E-Mail: info@autohaus-model.deWeb: www.autohaus-model.de Handelsregister: UlmHandelsregister-Nr. HRA 690461Umsatzsteuer-Identifikationsnummer nach \u00a7 27a Umsatzsteuergesetz: DE250062517 Einzelvertretungsberechtigte Gesch\u00e4ftsf\u00fchrer: Bernd Model, Philipp Model Pers\u00f6nlich haftende Gesellschafterin:Model Verwaltungs GmbHBrettheimer Str. 18D-74572 Blaufelden Handelsregister: UlmHandelsregister-Nr. HRB 690601 Einzelvertretungsberechtigte Gesch\u00e4ftsf\u00fchrer: Bernd Model, Philipp Model [&hellip;]\" \/>\n<meta property=\"og:url\" content=\"https:\/\/www.autohaus-model.de\/en\/imprint\/\" \/>\n<meta property=\"og:site_name\" content=\"Autohaus Otto Model GmbH &amp; Co. KG\" \/>\n<meta property=\"article:modified_time\" content=\"2025-07-21T06:39:05+00:00\" \/>\n<meta property=\"og:image\" content=\"https:\/\/www.autohaus-model.de\/wp-content\/uploads\/2024\/01\/model-angebot.jpg\" \/>\n\t<meta property=\"og:image:width\" content=\"1600\" \/>\n\t<meta property=\"og:image:height\" content=\"900\" \/>\n\t<meta property=\"og:image:type\" content=\"image\/jpeg\" \/>\n<meta name=\"twitter:card\" content=\"summary_large_image\" \/>\n<meta name=\"twitter:label1\" content=\"Est. reading time\" \/>\n\t<meta name=\"twitter:data1\" content=\"2 minutes\" \/>\n<script type=\"application\/ld+json\" class=\"yoast-schema-graph\">{\"@context\":\"https:\\\/\\\/schema.org\",\"@graph\":[{\"@type\":\"WebPage\",\"@id\":\"https:\\\/\\\/www.autohaus-model.de\\\/impressum\\\/\",\"url\":\"https:\\\/\\\/www.autohaus-model.de\\\/impressum\\\/\",\"name\":\"Impressum - Autohaus Otto Model GmbH &amp; Co. KG\",\"isPartOf\":{\"@id\":\"https:\\\/\\\/www.autohaus-model.de\\\/#website\"},\"primaryImageOfPage\":{\"@id\":\"https:\\\/\\\/www.autohaus-model.de\\\/impressum\\\/#primaryimage\"},\"image\":{\"@id\":\"https:\\\/\\\/www.autohaus-model.de\\\/impressum\\\/#primaryimage\"},\"thumbnailUrl\":\"https:\\\/\\\/www.autohaus-model.de\\\/wp-content\\\/uploads\\\/2024\\\/01\\\/model-angebot.jpg\",\"datePublished\":\"2022-07-01T15:28:24+00:00\",\"dateModified\":\"2025-07-21T06:39:05+00:00\",\"breadcrumb\":{\"@id\":\"https:\\\/\\\/www.autohaus-model.de\\\/impressum\\\/#breadcrumb\"},\"inLanguage\":\"en-US\",\"potentialAction\":[{\"@type\":\"ReadAction\",\"target\":[\"https:\\\/\\\/www.autohaus-model.de\\\/impressum\\\/\"]}]},{\"@type\":\"ImageObject\",\"inLanguage\":\"en-US\",\"@id\":\"https:\\\/\\\/www.autohaus-model.de\\\/impressum\\\/#primaryimage\",\"url\":\"https:\\\/\\\/www.autohaus-model.de\\\/wp-content\\\/uploads\\\/2024\\\/01\\\/model-angebot.jpg\",\"contentUrl\":\"https:\\\/\\\/www.autohaus-model.de\\\/wp-content\\\/uploads\\\/2024\\\/01\\\/model-angebot.jpg\",\"width\":1600,\"height\":900},{\"@type\":\"BreadcrumbList\",\"@id\":\"https:\\\/\\\/www.autohaus-model.de\\\/impressum\\\/#breadcrumb\",\"itemListElement\":[{\"@type\":\"ListItem\",\"position\":1,\"name\":\"Startseite\",\"item\":\"https:\\\/\\\/www.autohaus-model.de\\\/\"},{\"@type\":\"ListItem\",\"position\":2,\"name\":\"Impressum\"}]},{\"@type\":\"WebSite\",\"@id\":\"https:\\\/\\\/www.autohaus-model.de\\\/#website\",\"url\":\"https:\\\/\\\/www.autohaus-model.de\\\/\",\"name\":\"Autohaus Otto Model GmbH &amp; Co. KG\",\"description\":\"\",\"potentialAction\":[{\"@type\":\"SearchAction\",\"target\":{\"@type\":\"EntryPoint\",\"urlTemplate\":\"https:\\\/\\\/www.autohaus-model.de\\\/?s={search_term_string}\"},\"query-input\":{\"@type\":\"PropertyValueSpecification\",\"valueRequired\":true,\"valueName\":\"search_term_string\"}}],\"inLanguage\":\"en-US\"}]}<\/script>\n<!-- \/ Yoast SEO plugin. -->","yoast_head_json":{"title":"Imprint - Autohaus Otto Model GmbH &amp; Co. KG","robots":{"index":"index","follow":"follow","max-snippet":"max-snippet:-1","max-image-preview":"max-image-preview:large","max-video-preview":"max-video-preview:-1"},"canonical":"https:\/\/www.autohaus-model.de\/en\/imprint\/","og_locale":"en_US","og_type":"article","og_title":"Impressum - Autohaus Otto Model GmbH &amp; Co. KG","og_description":"Angaben gem\u00e4\u00df \u00a7 5 DDG Autohaus Otto Model GmbH &amp; Co. KGBrettheimer Str. 18D-74572 Blaufelden Telefon: +49 (0)7953-98980Fax: +49 (0)7953-989898E-Mail: info@autohaus-model.deWeb: www.autohaus-model.de Handelsregister: UlmHandelsregister-Nr. HRA 690461Umsatzsteuer-Identifikationsnummer nach \u00a7 27a Umsatzsteuergesetz: DE250062517 Einzelvertretungsberechtigte Gesch\u00e4ftsf\u00fchrer: Bernd Model, Philipp Model Pers\u00f6nlich haftende Gesellschafterin:Model Verwaltungs GmbHBrettheimer Str. 18D-74572 Blaufelden Handelsregister: UlmHandelsregister-Nr. HRB 690601 Einzelvertretungsberechtigte Gesch\u00e4ftsf\u00fchrer: Bernd Model, Philipp Model [&hellip;]","og_url":"https:\/\/www.autohaus-model.de\/en\/imprint\/","og_site_name":"Autohaus Otto Model GmbH &amp; Co. KG","article_modified_time":"2025-07-21T06:39:05+00:00","og_image":[{"width":1600,"height":900,"url":"https:\/\/www.autohaus-model.de\/wp-content\/uploads\/2024\/01\/model-angebot.jpg","type":"image\/jpeg"}],"twitter_card":"summary_large_image","twitter_misc":{"Est. reading time":"2 minutes"},"schema":{"@context":"https:\/\/schema.org","@graph":[{"@type":"WebPage","@id":"https:\/\/www.autohaus-model.de\/impressum\/","url":"https:\/\/www.autohaus-model.de\/impressum\/","name":"Imprint - Autohaus Otto Model GmbH &amp; Co. KG","isPartOf":{"@id":"https:\/\/www.autohaus-model.de\/#website"},"primaryImageOfPage":{"@id":"https:\/\/www.autohaus-model.de\/impressum\/#primaryimage"},"image":{"@id":"https:\/\/www.autohaus-model.de\/impressum\/#primaryimage"},"thumbnailUrl":"https:\/\/www.autohaus-model.de\/wp-content\/uploads\/2024\/01\/model-angebot.jpg","datePublished":"2022-07-01T15:28:24+00:00","dateModified":"2025-07-21T06:39:05+00:00","breadcrumb":{"@id":"https:\/\/www.autohaus-model.de\/impressum\/#breadcrumb"},"inLanguage":"en-US","potentialAction":[{"@type":"ReadAction","target":["https:\/\/www.autohaus-model.de\/impressum\/"]}]},{"@type":"ImageObject","inLanguage":"en-US","@id":"https:\/\/www.autohaus-model.de\/impressum\/#primaryimage","url":"https:\/\/www.autohaus-model.de\/wp-content\/uploads\/2024\/01\/model-angebot.jpg","contentUrl":"https:\/\/www.autohaus-model.de\/wp-content\/uploads\/2024\/01\/model-angebot.jpg","width":1600,"height":900},{"@type":"BreadcrumbList","@id":"https:\/\/www.autohaus-model.de\/impressum\/#breadcrumb","itemListElement":[{"@type":"ListItem","position":1,"name":"Startseite","item":"https:\/\/www.autohaus-model.de\/"},{"@type":"ListItem","position":2,"name":"Impressum"}]},{"@type":"WebSite","@id":"https:\/\/www.autohaus-model.de\/#website","url":"https:\/\/www.autohaus-model.de\/","name":"Autohaus Otto Model GmbH &amp; Co. KG","description":"","potentialAction":[{"@type":"SearchAction","target":{"@type":"EntryPoint","urlTemplate":"https:\/\/www.autohaus-model.de\/?s={search_term_string}"},"query-input":{"@type":"PropertyValueSpecification","valueRequired":true,"valueName":"search_term_string"}}],"inLanguage":"en-US"}]}},"_links":{"self":[{"href":"https:\/\/www.autohaus-model.de\/en\/wp-json\/wp\/v2\/pages\/62","targetHints":{"allow":["GET"]}}],"collection":[{"href":"https:\/\/www.autohaus-model.de\/en\/wp-json\/wp\/v2\/pages"}],"about":[{"href":"https:\/\/www.autohaus-model.de\/en\/wp-json\/wp\/v2\/types\/page"}],"author":[{"embeddable":true,"href":"https:\/\/www.autohaus-model.de\/en\/wp-json\/wp\/v2\/users\/1"}],"replies":[{"embeddable":true,"href":"https:\/\/www.autohaus-model.de\/en\/wp-json\/wp\/v2\/comments?post=62"}],"version-history":[{"count":5,"href":"https:\/\/www.autohaus-model.de\/en\/wp-json\/wp\/v2\/pages\/62\/revisions"}],"predecessor-version":[{"id":15273,"href":"https:\/\/www.autohaus-model.de\/en\/wp-json\/wp\/v2\/pages\/62\/revisions\/15273"}],"wp:featuredmedia":[{"embeddable":true,"href":"https:\/\/www.autohaus-model.de\/en\/wp-json\/wp\/v2\/media\/1320"}],"wp:attachment":[{"href":"https:\/\/www.autohaus-model.de\/en\/wp-json\/wp\/v2\/media?parent=62"}],"wp:term":[{"taxonomy":"seitenparameter","embeddable":true,"href":"https:\/\/www.autohaus-model.de\/en\/wp-json\/wp\/v2\/seitenparameter?post=62"}],"curies":[{"name":"wp","href":"https:\/\/api.w.org\/{rel}","templated":true}]}}